{"id":791,"date":"2021-03-11T09:23:09","date_gmt":"2021-03-11T09:23:09","guid":{"rendered":"http:\/\/sushi-ichiban.de\/braunschweig\/?page_id=791"},"modified":"2026-03-17T13:16:23","modified_gmt":"2026-03-17T13:16:23","slug":"lieferung-braunschweig","status":"publish","type":"page","link":"https:\/\/sushi-ichiban.de\/braunschweig\/","title":{"rendered":"Lieferung &#8211; Braunschweig"},"content":{"rendered":"\t\t<div data-elementor-type=\"wp-page\" data-elementor-id=\"791\" class=\"elementor elementor-791\">\n\t\t\t\t\t\t<section class=\"elementor-section elementor-top-section elementor-element elementor-element-2774d750 elementor-section-boxed elementor-section-height-default elementor-section-height-default\" data-id=\"2774d750\" data-element_type=\"section\" data-e-type=\"section\" data-settings=\"{&quot;background_background&quot;:&quot;classic&quot;}\">\n\t\t\t\t\t\t\t<div class=\"elementor-background-overlay\"><\/div>\n\t\t\t\t\t\t\t<div class=\"elementor-container elementor-column-gap-default\">\n\t\t\t\t\t<div class=\"elementor-column elementor-col-33 elementor-top-column elementor-element elementor-element-701dcb1\" data-id=\"701dcb1\" data-element_type=\"column\" data-e-type=\"column\">\n\t\t\t<div class=\"elementor-widget-wrap\">\n\t\t\t\t\t\t\t<\/div>\n\t\t<\/div>\n\t\t\t\t<div class=\"elementor-column elementor-col-33 elementor-top-column elementor-element elementor-element-4c527b3e\" data-id=\"4c527b3e\" data-element_type=\"column\" data-e-type=\"column\">\n\t\t\t<div class=\"elementor-widget-wrap elementor-element-populated\">\n\t\t\t\t\t\t<div class=\"elementor-element elementor-element-46d2f1f8 elementor-widget elementor-widget-heading\" data-id=\"46d2f1f8\" data-element_type=\"widget\" data-e-type=\"widget\" data-widget_type=\"heading.default\">\n\t\t\t\t<div class=\"elementor-widget-container\">\n\t\t\t\t\t<h2 class=\"elementor-heading-title elementor-size-default\">Bestellen &amp; Abholen Braunschweig<\/h2>\t\t\t\t<\/div>\n\t\t\t\t<\/div>\n\t\t\t\t<div class=\"elementor-element elementor-element-4135086 elementor-widget elementor-widget-text-editor\" data-id=\"4135086\" data-element_type=\"widget\" data-e-type=\"widget\" data-widget_type=\"text-editor.default\">\n\t\t\t\t<div class=\"elementor-widget-container\">\n\t\t\t\t\t\t\t\t\t<p style=\"text-align: center;\"><span style=\"color: #fff !important;\">Achtung: Sie m\u00fcssen alle Cookies zulassen, um unsere Bestellplattform nutzen zu k\u00f6nnen!<\/span><\/p>\t\t\t\t\t\t\t\t<\/div>\n\t\t\t\t<\/div>\n\t\t\t\t<div class=\"elementor-element elementor-element-5d45945 elementor-widget elementor-widget-glf_elementor_ordering\" data-id=\"5d45945\" data-element_type=\"widget\" data-e-type=\"widget\" data-widget_type=\"glf_elementor_ordering.default\">\n\t\t\t\t<div class=\"elementor-widget-container\">\n\t\t\t\t\t<span class=\"glf-button-default glf-button \" style='background-color:#E4141B; color:#FFFFFF !important; font-weight:bold; font-size:18px; padding:15px; border-radius:3px; font-family:\"Arial\", sans-serif; '  data-glf-cuid=\"\" data-glf-ruid=\"5f1a64dd-c87a-4dc4-bbe9-00c7b7a2fd16\"  data-location=\"5f1a64dd-c87a-4dc4-bbe9-00c7b7a2fd16\">MEN\u00dc & BESTELLUNG<\/span><script src=\"https:\/\/www.fbgcdn.com\/embedder\/js\/ewm2.js\" defer async ><\/script><style> .glf-ordering-location > span{display:none;} <\/style>\t\t\t\t<\/div>\n\t\t\t\t<\/div>\n\t\t\t\t<div class=\"elementor-element elementor-element-da22670 elementor-align-center elementor-widget elementor-widget-button\" data-id=\"da22670\" data-element_type=\"widget\" data-e-type=\"widget\" data-widget_type=\"button.default\">\n\t\t\t\t<div class=\"elementor-widget-container\">\n\t\t\t\t\t\t\t\t\t<div class=\"elementor-button-wrapper\">\n\t\t\t\t\t<a class=\"elementor-button elementor-button-link elementor-size-sm\" href=\"https:\/\/sushi-ichiban.de\/Zusatzstoffe%20und%20Allergene%20-%20Ichiban%20Sushi%20und%20Grill%20Restaurants.pdf\" target=\"_blank\">\n\t\t\t\t\t\t<span class=\"elementor-button-content-wrapper\">\n\t\t\t\t\t\t\t\t\t<span class=\"elementor-button-text\">ZUSATZSTOFFE &amp; ALLERGENE<\/span>\n\t\t\t\t\t<\/span>\n\t\t\t\t\t<\/a>\n\t\t\t\t<\/div>\n\t\t\t\t\t\t\t\t<\/div>\n\t\t\t\t<\/div>\n\t\t\t\t\t<\/div>\n\t\t<\/div>\n\t\t\t\t<div class=\"elementor-column elementor-col-33 elementor-top-column elementor-element elementor-element-1aa6bcac\" data-id=\"1aa6bcac\" data-element_type=\"column\" data-e-type=\"column\">\n\t\t\t<div class=\"elementor-widget-wrap\">\n\t\t\t\t\t\t\t<\/div>\n\t\t<\/div>\n\t\t\t\t\t<\/div>\n\t\t<\/section>\n\t\t\t\t<\/div>\n\t\t","protected":false},"excerpt":{"rendered":"<p>Bestellen &amp; Abholen Braunschweig Achtung: Sie m\u00fcssen alle Cookies zulassen, um unsere Bestellplattform nutzen zu k\u00f6nnen! MEN\u00dc &#038; BESTELLUNG ZUSATZSTOFFE &amp; ALLERGENE<\/p>\n","protected":false},"author":2,"featured_media":0,"parent":0,"menu_order":0,"comment_status":"closed","ping_status":"closed","template":"","meta":{"site-sidebar-layout":"no-sidebar","site-content-layout":"page-builder","ast-site-content-layout":"default","site-content-style":"default","site-sidebar-style":"default","ast-global-header-display":"","ast-banner-title-visibility":"","ast-main-header-display":"","ast-hfb-above-header-display":"","ast-hfb-below-header-display":"","ast-hfb-mobile-header-display":"","site-post-title":"disabled","ast-breadcrumbs-content":"","ast-featured-img":"disabled","footer-sml-layout":"","ast-disable-related-posts":"","theme-transparent-header-meta":"default","adv-header-id-meta":"","stick-header-meta":"","header-above-stick-meta":"","header-main-stick-meta":"","header-below-stick-meta":"","astra-migrate-meta-layouts":"default","ast-page-background-enabled":"default","ast-page-background-meta":{"desktop":{"background-color":"","background-image":"","background-repeat":"repeat","background-position":"center center","background-size":"auto","background-attachment":"scroll","background-type":"","background-media":"","overlay-type":"","overlay-color":"","overlay-opacity":"","overlay-gradient":""},"tablet":{"background-color":"","background-image":"","background-repeat":"repeat","background-position":"center center","background-size":"auto","background-attachment":"scroll","background-type":"","background-media":"","overlay-type":"","overlay-color":"","overlay-opacity":"","overlay-gradient":""},"mobile":{"background-color":"","background-image":"","background-repeat":"repeat","background-position":"center center","background-size":"auto","background-attachment":"scroll","background-type":"","background-media":"","overlay-type":"","overlay-color":"","overlay-opacity":"","overlay-gradient":""}},"ast-content-background-meta":{"desktop":{"background-color":"var(--ast-global-color-5)","background-image":"","background-repeat":"repeat","background-position":"center center","background-size":"auto","background-attachment":"scroll","background-type":"","background-media":"","overlay-type":"","overlay-color":"","overlay-opacity":"","overlay-gradient":""},"tablet":{"background-color":"var(--ast-global-color-5)","background-image":"","background-repeat":"repeat","background-position":"center center","background-size":"auto","background-attachment":"scroll","background-type":"","background-media":"","overlay-type":"","overlay-color":"","overlay-opacity":"","overlay-gradient":""},"mobile":{"background-color":"var(--ast-global-color-5)","background-image":"","background-repeat":"repeat","background-position":"center center","background-size":"auto","background-attachment":"scroll","background-type":"","background-media":"","overlay-type":"","overlay-color":"","overlay-opacity":"","overlay-gradient":""}},"footnotes":""},"class_list":["post-791","page","type-page","status-publish","hentry"],"_links":{"self":[{"href":"https:\/\/sushi-ichiban.de\/braunschweig\/wp-json\/wp\/v2\/pages\/791","targetHints":{"allow":["GET"]}}],"collection":[{"href":"https:\/\/sushi-ichiban.de\/braunschweig\/wp-json\/wp\/v2\/pages"}],"about":[{"href":"https:\/\/sushi-ichiban.de\/braunschweig\/wp-json\/wp\/v2\/types\/page"}],"author":[{"embeddable":true,"href":"https:\/\/sushi-ichiban.de\/braunschweig\/wp-json\/wp\/v2\/users\/2"}],"replies":[{"embeddable":true,"href":"https:\/\/sushi-ichiban.de\/braunschweig\/wp-json\/wp\/v2\/comments?post=791"}],"version-history":[{"count":41,"href":"https:\/\/sushi-ichiban.de\/braunschweig\/wp-json\/wp\/v2\/pages\/791\/revisions"}],"predecessor-version":[{"id":953,"href":"https:\/\/sushi-ichiban.de\/braunschweig\/wp-json\/wp\/v2\/pages\/791\/revisions\/953"}],"wp:attachment":[{"href":"https:\/\/sushi-ichiban.de\/braunschweig\/wp-json\/wp\/v2\/media?parent=791"}],"curies":[{"name":"wp","href":"https:\/\/api.w.org\/{rel}","templated":true}]}}